{"id":1098,"date":"2024-03-07T09:32:02","date_gmt":"2024-03-07T08:32:02","guid":{"rendered":"https:\/\/emmyholmer.se\/?page_id=1098"},"modified":"2025-10-17T18:52:41","modified_gmt":"2025-10-17T16:52:41","slug":"personal-shopping","status":"publish","type":"page","link":"https:\/\/emmyholmer.se\/?page_id=1098","title":{"rendered":"Personal shopping &#038; Garderobsaktivering"},"content":{"rendered":"\t\t<div data-elementor-type=\"wp-page\" data-elementor-id=\"1098\" class=\"elementor elementor-1098\" data-elementor-post-type=\"page\">\n\t\t\t\t\t\t<section class=\"elementor-section elementor-top-section elementor-element elementor-element-5f198f4 elementor-section-content-middle elementor-reverse-tablet elementor-reverse-mobile elementor-section-boxed elementor-section-height-default elementor-section-height-default\" data-id=\"5f198f4\" data-element_type=\"section\">\n\t\t\t\t\t\t<div class=\"elementor-container elementor-column-gap-default\">\n\t\t\t\t\t<div class=\"elementor-column elementor-col-50 elementor-top-column elementor-element elementor-element-fb33fb8\" data-id=\"fb33fb8\" data-element_type=\"column\">\n\t\t\t<div class=\"elementor-widget-wrap elementor-element-populated\">\n\t\t\t\t\t\t<div class=\"elementor-element elementor-element-dae9f3b elementor-widget elementor-widget-heading\" data-id=\"dae9f3b\" data-element_type=\"widget\" data-widget_type=\"heading.default\">\n\t\t\t\t<div class=\"elementor-widget-container\">\n\t\t\t<h2 class=\"elementor-heading-title elementor-size-default\">Personal Shopping - Nya outfits med gamla kl\u00e4der<\/h2>\t\t<\/div>\n\t\t\t\t<\/div>\n\t\t\t\t<div class=\"elementor-element elementor-element-95cf816 elementor-widget-divider--view-line elementor-widget elementor-widget-divider\" data-id=\"95cf816\" data-element_type=\"widget\" data-widget_type=\"divider.default\">\n\t\t\t\t<div class=\"elementor-widget-container\">\n\t\t\t\t\t<div class=\"elementor-divider\">\n\t\t\t<span class=\"elementor-divider-separator\">\n\t\t\t\t\t\t<\/span>\n\t\t<\/div>\n\t\t\t\t<\/div>\n\t\t\t\t<\/div>\n\t\t\t\t<div class=\"elementor-element elementor-element-3bcb3ce elementor-widget elementor-widget-text-editor\" data-id=\"3bcb3ce\" data-element_type=\"widget\" data-widget_type=\"text-editor.default\">\n\t\t\t\t<div class=\"elementor-widget-container\">\n\t\t\t<style>\/*! elementor - v3.23.0 - 05-08-2024 *\/\n.elementor-widget-text-editor.elementor-drop-cap-view-stacked .elementor-drop-cap{background-color:#69727d;color:#fff}.elementor-widget-text-editor.elementor-drop-cap-view-framed .elementor-drop-cap{color:#69727d;border:3px solid;background-color:transparent}.elementor-widget-text-editor:not(.elementor-drop-cap-view-default) .elementor-drop-cap{margin-top:8px}.elementor-widget-text-editor:not(.elementor-drop-cap-view-default) .elementor-drop-cap-letter{width:1em;height:1em}.elementor-widget-text-editor .elementor-drop-cap{float:left;text-align:center;line-height:1;font-size:50px}.elementor-widget-text-editor .elementor-drop-cap-letter{display:inline-block}<\/style>\t\t\t\t<p class=\"p1\">Vet du inte vart du ska b\u00f6rja? Vare sig det \u00e4r en basgarderob, s\u00e4songsplagg eller sp\u00e4nnande accessoarer du letar efter s\u00e5 hj\u00e4lper jag g\u00e4rna till! Tillsammans g\u00e5r vi till olika second hand butiker f\u00f6r att leta plagg som passar just dig. Jag jobbar fr\u00e5n vad som redan finns i din garderob och ger stylingf\u00f6rslag f\u00f6r att skapa nya outfits fr\u00e5n det du redan har. Tillsammans g\u00e5r vi i butiker i 2-3 timmar och hittar plagg som \u00e4r perfekta f\u00f6r just din stil.<\/p><p class=\"p1\">Jag utg\u00e5r fr\u00e5n G\u00f6teborg fr\u00e4mst, \u00e4ven V\u00e4stra G\u00f6taland och norra Halland. \u00c4ven Link\u00f6ping med omnejd g\u00e5r bra.<\/p><ul class=\"ul1\"><li class=\"li1\">Stilanalys<\/li><li class=\"li1\">Privat shopping upplevelse med flertalet secondhandbutiker<\/li><li class=\"li1\">Personlig feedback i efterhand<\/li><\/ul><p class=\"p1\">Pris 2-3h 2495:- inkl. moms<\/p>\t\t\t\t\t\t<\/div>\n\t\t\t\t<\/div>\n\t\t\t\t\t<\/div>\n\t\t<\/div>\n\t\t\t\t<div class=\"elementor-column elementor-col-50 elementor-top-column elementor-element elementor-element-c10d324\" data-id=\"c10d324\" data-element_type=\"column\">\n\t\t\t<div class=\"elementor-widget-wrap elementor-element-populated\">\n\t\t\t\t\t\t<div class=\"elementor-element elementor-element-fdc5d2c elementor-widget elementor-widget-image\" data-id=\"fdc5d2c\" data-element_type=\"widget\" data-widget_type=\"image.default\">\n\t\t\t\t<div class=\"elementor-widget-container\">\n\t\t\t<style>\/*! elementor - v3.23.0 - 05-08-2024 *\/\n.elementor-widget-image{text-align:center}.elementor-widget-image a{display:inline-block}.elementor-widget-image a img[src$=\".svg\"]{width:48px}.elementor-widget-image img{vertical-align:middle;display:inline-block}<\/style>\t\t\t\t\t\t\t\t\t\t<img fetchpriority=\"high\" decoding=\"async\" width=\"768\" height=\"1024\" src=\"https:\/\/emmyholmer.se\/wp-content\/uploads\/2025\/10\/DSC029582-768x1024.jpg\" class=\"attachment-medium_large size-medium_large wp-image-1780\" alt=\"\" srcset=\"https:\/\/emmyholmer.se\/wp-content\/uploads\/2025\/10\/DSC029582-768x1024.jpg 768w, https:\/\/emmyholmer.se\/wp-content\/uploads\/2025\/10\/DSC029582-225x300.jpg 225w, https:\/\/emmyholmer.se\/wp-content\/uploads\/2025\/10\/DSC029582.jpg 1080w\" sizes=\"(max-width: 768px) 100vw, 768px\" \/>\t\t\t\t\t\t\t\t\t\t\t\t\t<\/div>\n\t\t\t\t<\/div>\n\t\t\t\t\t<\/div>\n\t\t<\/div>\n\t\t\t\t\t<\/div>\n\t\t<\/section>\n\t\t\t\t<section class=\"elementor-section elementor-top-section elementor-element elementor-element-b5baf24 elementor-section-boxed elementor-section-height-default elementor-section-height-default\" data-id=\"b5baf24\" data-element_type=\"section\" data-settings=\"{&quot;background_background&quot;:&quot;classic&quot;}\">\n\t\t\t\t\t\t<div class=\"elementor-container elementor-column-gap-default\">\n\t\t\t\t\t<div class=\"elementor-column elementor-col-100 elementor-top-column elementor-element elementor-element-1356d2d\" data-id=\"1356d2d\" data-element_type=\"column\">\n\t\t\t<div class=\"elementor-widget-wrap elementor-element-populated\">\n\t\t\t\t\t\t<section class=\"elementor-section elementor-inner-section elementor-element elementor-element-7575877 elementor-section-boxed elementor-section-height-default elementor-section-height-default\" data-id=\"7575877\" data-element_type=\"section\">\n\t\t\t\t\t\t<div class=\"elementor-container elementor-column-gap-default\">\n\t\t\t\t\t<div class=\"elementor-column elementor-col-100 elementor-inner-column elementor-element elementor-element-1c17efa\" data-id=\"1c17efa\" data-element_type=\"column\">\n\t\t\t<div class=\"elementor-widget-wrap elementor-element-populated\">\n\t\t\t\t\t\t<div class=\"elementor-element elementor-element-e606f1c elementor-widget elementor-widget-heading\" data-id=\"e606f1c\" data-element_type=\"widget\" data-widget_type=\"heading.default\">\n\t\t\t\t<div class=\"elementor-widget-container\">\n\t\t\t<h2 class=\"elementor-heading-title elementor-size-default\">Garderobsaktivering<\/h2>\t\t<\/div>\n\t\t\t\t<\/div>\n\t\t\t\t<div class=\"elementor-element elementor-element-2e060e2 elementor-widget-divider--view-line elementor-widget elementor-widget-divider\" data-id=\"2e060e2\" data-element_type=\"widget\" data-widget_type=\"divider.default\">\n\t\t\t\t<div class=\"elementor-widget-container\">\n\t\t\t\t\t<div class=\"elementor-divider\">\n\t\t\t<span class=\"elementor-divider-separator\">\n\t\t\t\t\t\t<\/span>\n\t\t<\/div>\n\t\t\t\t<\/div>\n\t\t\t\t<\/div>\n\t\t\t\t<div class=\"elementor-element elementor-element-691d3be elementor-widget elementor-widget-text-editor\" data-id=\"691d3be\" data-element_type=\"widget\" data-widget_type=\"text-editor.default\">\n\t\t\t\t<div class=\"elementor-widget-container\">\n\t\t\t\t\t\t\t<p>Jag hj\u00e4lper dig att se din garderob fr\u00e5n ett nytt perspektiv. Med en garerobsaktivering k\u00e4nns det som om du f\u00e5r en helt ny garderob, utan att shoppa!\u00a0<\/p><p>Pris 3495:- inklusive moms\u00a0<\/p>\t\t\t\t\t\t<\/div>\n\t\t\t\t<\/div>\n\t\t\t\t\t<\/div>\n\t\t<\/div>\n\t\t\t\t\t<\/div>\n\t\t<\/section>\n\t\t\t\t<section class=\"elementor-section elementor-inner-section elementor-element elementor-element-cd4e198 workshop-sec elementor-section-boxed elementor-section-height-default elementor-section-height-default\" data-id=\"cd4e198\" data-element_type=\"section\">\n\t\t\t\t\t\t<div class=\"elementor-container elementor-column-gap-default\">\n\t\t\t\t\t<div class=\"elementor-column elementor-col-33 elementor-inner-column elementor-element elementor-element-aac43c8\" data-id=\"aac43c8\" data-element_type=\"column\">\n\t\t\t<div class=\"elementor-widget-wrap elementor-element-populated\">\n\t\t\t\t\t\t<div class=\"elementor-element elementor-element-f2898a7 elementor-position-top elementor-widget elementor-widget-image-box\" data-id=\"f2898a7\" data-element_type=\"widget\" data-widget_type=\"image-box.default\">\n\t\t\t\t<div class=\"elementor-widget-container\">\n\t\t\t<style>\/*! elementor - v3.23.0 - 05-08-2024 *\/\n.elementor-widget-image-box .elementor-image-box-content{width:100%}@media (min-width:768px){.elementor-widget-image-box.elementor-position-left .elementor-image-box-wrapper,.elementor-widget-image-box.elementor-position-right .elementor-image-box-wrapper{display:flex}.elementor-widget-image-box.elementor-position-right .elementor-image-box-wrapper{text-align:end;flex-direction:row-reverse}.elementor-widget-image-box.elementor-position-left .elementor-image-box-wrapper{text-align:start;flex-direction:row}.elementor-widget-image-box.elementor-position-top .elementor-image-box-img{margin:auto}.elementor-widget-image-box.elementor-vertical-align-top .elementor-image-box-wrapper{align-items:flex-start}.elementor-widget-image-box.elementor-vertical-align-middle .elementor-image-box-wrapper{align-items:center}.elementor-widget-image-box.elementor-vertical-align-bottom .elementor-image-box-wrapper{align-items:flex-end}}@media (max-width:767px){.elementor-widget-image-box .elementor-image-box-img{margin-left:auto!important;margin-right:auto!important;margin-bottom:15px}}.elementor-widget-image-box .elementor-image-box-img{display:inline-block}.elementor-widget-image-box .elementor-image-box-title a{color:inherit}.elementor-widget-image-box .elementor-image-box-wrapper{text-align:center}.elementor-widget-image-box .elementor-image-box-description{margin:0}<\/style><div class=\"elementor-image-box-wrapper\"><figure class=\"elementor-image-box-img\"><img decoding=\"async\" width=\"2560\" height=\"1707\" src=\"https:\/\/emmyholmer.se\/wp-content\/uploads\/2024\/10\/DSC01551-2-scaled.jpg\" class=\"attachment-full size-full wp-image-1390\" alt=\"\" srcset=\"https:\/\/emmyholmer.se\/wp-content\/uploads\/2024\/10\/DSC01551-2-scaled.jpg 2560w, https:\/\/emmyholmer.se\/wp-content\/uploads\/2024\/10\/DSC01551-2-300x200.jpg 300w, https:\/\/emmyholmer.se\/wp-content\/uploads\/2024\/10\/DSC01551-2-1024x683.jpg 1024w, https:\/\/emmyholmer.se\/wp-content\/uploads\/2024\/10\/DSC01551-2-768x512.jpg 768w, https:\/\/emmyholmer.se\/wp-content\/uploads\/2024\/10\/DSC01551-2-1536x1024.jpg 1536w, https:\/\/emmyholmer.se\/wp-content\/uploads\/2024\/10\/DSC01551-2-2048x1365.jpg 2048w\" sizes=\"(max-width: 2560px) 100vw, 2560px\" \/><\/figure><div class=\"elementor-image-box-content\"><h3 class=\"elementor-image-box-title\">Steg 1<\/h3><p class=\"elementor-image-box-description\">Vi b\u00f6rjar med att identifiera din stil och ditt behov n\u00e4r det kommer till outfits i vardagen <\/p><\/div><\/div>\t\t<\/div>\n\t\t\t\t<\/div>\n\t\t\t\t\t<\/div>\n\t\t<\/div>\n\t\t\t\t<div class=\"elementor-column elementor-col-33 elementor-inner-column elementor-element elementor-element-41bbcc6\" data-id=\"41bbcc6\" data-element_type=\"column\">\n\t\t\t<div class=\"elementor-widget-wrap elementor-element-populated\">\n\t\t\t\t\t\t<div class=\"elementor-element elementor-element-7fbee9d elementor-position-top elementor-widget elementor-widget-image-box\" data-id=\"7fbee9d\" data-element_type=\"widget\" data-widget_type=\"image-box.default\">\n\t\t\t\t<div class=\"elementor-widget-container\">\n\t\t\t<div class=\"elementor-image-box-wrapper\"><figure class=\"elementor-image-box-img\"><img decoding=\"async\" width=\"2560\" height=\"1707\" src=\"https:\/\/emmyholmer.se\/wp-content\/uploads\/2024\/10\/DSC01502-scaled.jpg\" class=\"attachment-full size-full wp-image-1354\" alt=\"\" srcset=\"https:\/\/emmyholmer.se\/wp-content\/uploads\/2024\/10\/DSC01502-scaled.jpg 2560w, https:\/\/emmyholmer.se\/wp-content\/uploads\/2024\/10\/DSC01502-300x200.jpg 300w, https:\/\/emmyholmer.se\/wp-content\/uploads\/2024\/10\/DSC01502-1024x683.jpg 1024w, https:\/\/emmyholmer.se\/wp-content\/uploads\/2024\/10\/DSC01502-768x512.jpg 768w, https:\/\/emmyholmer.se\/wp-content\/uploads\/2024\/10\/DSC01502-1536x1024.jpg 1536w, https:\/\/emmyholmer.se\/wp-content\/uploads\/2024\/10\/DSC01502-2048x1365.jpg 2048w\" sizes=\"(max-width: 2560px) 100vw, 2560px\" \/><\/figure><div class=\"elementor-image-box-content\"><h3 class=\"elementor-image-box-title\">Steg 2<\/h3><p class=\"elementor-image-box-description\">Vi g\u00e5r igenom hela din garerob, rensar ut och provar, f\u00f6r att se vad du har att jobba med. Efter detta analyserar vi tillsammans eventuell avsaknad av plagg och skriver en lista ihop \u00f6ver saker som eventuellt beh\u00f6ver adderas. <\/p><\/div><\/div>\t\t<\/div>\n\t\t\t\t<\/div>\n\t\t\t\t\t<\/div>\n\t\t<\/div>\n\t\t\t\t<div class=\"elementor-column elementor-col-33 elementor-inner-column elementor-element elementor-element-d1e88ca\" data-id=\"d1e88ca\" data-element_type=\"column\">\n\t\t\t<div class=\"elementor-widget-wrap elementor-element-populated\">\n\t\t\t\t\t\t<div class=\"elementor-element elementor-element-650ccd1 elementor-position-top elementor-widget elementor-widget-image-box\" data-id=\"650ccd1\" data-element_type=\"widget\" data-widget_type=\"image-box.default\">\n\t\t\t\t<div class=\"elementor-widget-container\">\n\t\t\t<div class=\"elementor-image-box-wrapper\"><figure class=\"elementor-image-box-img\"><img decoding=\"async\" src=\"https:\/\/emmyholmer.se\/wp-content\/uploads\/2024\/11\/DSC01292-scaled.jpg\" title=\"DSC01292\" alt=\"DSC01292\" loading=\"lazy\" \/><\/figure><div class=\"elementor-image-box-content\"><h3 class=\"elementor-image-box-title\">Steg 3<\/h3><p class=\"elementor-image-box-description\">Jag hj\u00e4lper dig med konkreta outfitkombinationer som passar dig och din stil. <\/p><\/div><\/div>\t\t<\/div>\n\t\t\t\t<\/div>\n\t\t\t\t\t<\/div>\n\t\t<\/div>\n\t\t\t\t\t<\/div>\n\t\t<\/section>\n\t\t\t\t<div class=\"elementor-element elementor-element-1208a22 elementor-align-center elementor-widget elementor-widget-button\" data-id=\"1208a22\" data-element_type=\"widget\" data-widget_type=\"button.default\">\n\t\t\t\t<div class=\"elementor-widget-container\">\n\t\t\t\t\t<div class=\"elementor-button-wrapper\">\n\t\t\t<a class=\"elementor-button elementor-button-link elementor-size-md\" href=\"https:\/\/emmyholmer.se\/?page_id=212\">\n\t\t\t\t\t\t<span class=\"elementor-button-content-wrapper\">\n\t\t\t\t\t\t\t\t\t<span class=\"elementor-button-text\">Kontakta mig f\u00f6r hj\u00e4lp med din personliga stil<\/span>\n\t\t\t\t\t<\/span>\n\t\t\t\t\t<\/a>\n\t\t<\/div>\n\t\t\t\t<\/div>\n\t\t\t\t<\/div>\n\t\t\t\t\t<\/div>\n\t\t<\/div>\n\t\t\t\t\t<\/div>\n\t\t<\/section>\n\t\t\t\t<section class=\"elementor-section elementor-top-section elementor-element elementor-element-328f317 elementor-section-boxed elementor-section-height-default elementor-section-height-default\" data-id=\"328f317\" data-element_type=\"section\">\n\t\t\t\t\t\t<div class=\"elementor-container elementor-column-gap-default\">\n\t\t\t\t\t<div class=\"elementor-column elementor-col-100 elementor-top-column elementor-element elementor-element-251fd12\" data-id=\"251fd12\" data-element_type=\"column\">\n\t\t\t<div class=\"elementor-widget-wrap elementor-element-populated\">\n\t\t\t\t\t\t<div class=\"elementor-element elementor-element-533d7c8 elementor-widget elementor-widget-heading\" data-id=\"533d7c8\" data-element_type=\"widget\" data-widget_type=\"heading.default\">\n\t\t\t\t<div class=\"elementor-widget-container\">\n\t\t\t<h2 class=\"elementor-heading-title elementor-size-default\">Andra har sagt:<\/h2>\t\t<\/div>\n\t\t\t\t<\/div>\n\t\t\t\t<div class=\"elementor-element elementor-element-014ff5b elementor-widget-divider--view-line elementor-widget elementor-widget-divider\" data-id=\"014ff5b\" data-element_type=\"widget\" data-widget_type=\"divider.default\">\n\t\t\t\t<div class=\"elementor-widget-container\">\n\t\t\t\t\t<div class=\"elementor-divider\">\n\t\t\t<span class=\"elementor-divider-separator\">\n\t\t\t\t\t\t<\/span>\n\t\t<\/div>\n\t\t\t\t<\/div>\n\t\t\t\t<\/div>\n\t\t\t\t<div class=\"elementor-element elementor-element-e4e61f2 elementor-testimonial--layout-image_above test-carousel elementor-testimonial--skin-default elementor-testimonial--align-center elementor-pagination-type-bullets elementor-widget elementor-widget-testimonial-carousel\" data-id=\"e4e61f2\" data-element_type=\"widget\" data-settings=\"{&quot;slides_per_view&quot;:&quot;2&quot;,&quot;slides_per_view_tablet&quot;:&quot;2&quot;,&quot;slides_per_view_mobile&quot;:&quot;1&quot;,&quot;slides_to_scroll&quot;:&quot;1&quot;,&quot;slides_to_scroll_tablet&quot;:&quot;1&quot;,&quot;slides_to_scroll_mobile&quot;:&quot;1&quot;,&quot;space_between&quot;:{&quot;unit&quot;:&quot;px&quot;,&quot;size&quot;:15,&quot;sizes&quot;:[]},&quot;pagination&quot;:&quot;bullets&quot;,&quot;speed&quot;:500,&quot;autoplay&quot;:&quot;yes&quot;,&quot;autoplay_speed&quot;:5000,&quot;loop&quot;:&quot;yes&quot;,&quot;pause_on_hover&quot;:&quot;yes&quot;,&quot;pause_on_interaction&quot;:&quot;yes&quot;,&quot;space_between_tablet&quot;:{&quot;unit&quot;:&quot;px&quot;,&quot;size&quot;:10,&quot;sizes&quot;:[]},&quot;space_between_mobile&quot;:{&quot;unit&quot;:&quot;px&quot;,&quot;size&quot;:10,&quot;sizes&quot;:[]}}\" data-widget_type=\"testimonial-carousel.default\">\n\t\t\t\t<div class=\"elementor-widget-container\">\n\t\t\t<link rel=\"stylesheet\" href=\"https:\/\/emmyholmer.se\/wp-content\/plugins\/elementor-pro\/assets\/css\/widget-carousel.min.css?ver=1724415519\">\t\t<div class=\"elementor-swiper\">\n\t\t\t<div class=\"elementor-main-swiper swiper\">\n\t\t\t\t<div class=\"swiper-wrapper\">\n\t\t\t\t\t\t\t\t\t\t\t<div class=\"swiper-slide\">\n\t\t\t\t\t\t\t\t\t<div class=\"elementor-testimonial\">\n\t\t\t\t\t\t\t<div class=\"elementor-testimonial__content\">\n\t\t\t\t\t<div class=\"elementor-testimonial__text\">\n\t\t\t\t\t\tJag fick en helt ny garderob! Kan verkligen rekomendera en garderobsaktivering! \t\t\t\t\t<\/div>\n\t\t\t\t\t<cite class=\"elementor-testimonial__cite\"><span class=\"elementor-testimonial__name\">Carolina <\/span><\/cite>\t\t\t\t<\/div>\n\t\t\t\t\t\t<div class=\"elementor-testimonial__footer\">\n\t\t\t\t\t\t\t\t\t<div class=\"elementor-testimonial__image\">\n\t\t\t\t\t\t<img decoding=\"async\" src=\"https:\/\/emmyholmer.se\/wp-content\/uploads\/2023\/11\/raamin-ka-uR51HXLO7G0-unsplash.jpg\" alt=\"Carolina \">\n\t\t\t\t\t\t\t\t\t\t\t<\/div>\n\t\t\t\t\t\t\t\t\t\t\t<\/div>\n\t\t<\/div>\n\t\t\t\t\t\t\t\t<\/div>\n\t\t\t\t\t\t\t\t\t\t\t<div class=\"swiper-slide\">\n\t\t\t\t\t\t\t\t\t<div class=\"elementor-testimonial\">\n\t\t\t\t\t\t\t<div class=\"elementor-testimonial__content\">\n\t\t\t\t\t<div class=\"elementor-testimonial__text\">\n\t\t\t\t\t\tEmmy \u00e4r s\u00e5 kreativ och inspirerande, en fr\u00f6jd att f\u00e5 hj\u00e4lp av henne. \t\t\t\t\t<\/div>\n\t\t\t\t\t<cite class=\"elementor-testimonial__cite\"><span class=\"elementor-testimonial__name\">Ingrid<\/span><\/cite>\t\t\t\t<\/div>\n\t\t\t\t\t\t<div class=\"elementor-testimonial__footer\">\n\t\t\t\t\t\t\t\t\t<div class=\"elementor-testimonial__image\">\n\t\t\t\t\t\t<img decoding=\"async\" src=\"https:\/\/emmyholmer.se\/wp-content\/uploads\/2023\/11\/raamin-ka-uR51HXLO7G0-unsplash.jpg\" alt=\"Ingrid\">\n\t\t\t\t\t\t\t\t\t\t\t<\/div>\n\t\t\t\t\t\t\t\t\t\t\t<\/div>\n\t\t<\/div>\n\t\t\t\t\t\t\t\t<\/div>\n\t\t\t\t\t\t\t\t\t\t\t<div class=\"swiper-slide\">\n\t\t\t\t\t\t\t\t\t<div class=\"elementor-testimonial\">\n\t\t\t\t\t\t\t<div class=\"elementor-testimonial__content\">\n\t\t\t\t\t<div class=\"elementor-testimonial__text\">\n\t\t\t\t\t\tN\u00e4r det k\u00e4nns som att man shoppar i sin egen garderob, fantastisk k\u00e4nsla! \t\t\t\t\t<\/div>\n\t\t\t\t\t<cite class=\"elementor-testimonial__cite\"><span class=\"elementor-testimonial__name\">Anna<\/span><\/cite>\t\t\t\t<\/div>\n\t\t\t\t\t\t<div class=\"elementor-testimonial__footer\">\n\t\t\t\t\t\t\t\t\t<div class=\"elementor-testimonial__image\">\n\t\t\t\t\t\t<img decoding=\"async\" src=\"https:\/\/emmyholmer.se\/wp-content\/uploads\/2023\/11\/raamin-ka-uR51HXLO7G0-unsplash.jpg\" alt=\"Anna\">\n\t\t\t\t\t\t\t\t\t\t\t<\/div>\n\t\t\t\t\t\t\t\t\t\t\t<\/div>\n\t\t<\/div>\n\t\t\t\t\t\t\t\t<\/div>\n\t\t\t\t\t\t\t\t\t<\/div>\n\t\t\t\t\t\t\t\t\t\t\t\t\t\t\t<div class=\"swiper-pagination\"><\/div>\n\t\t\t\t\t\t\t\t\t\t\t\t\t\t\t\t\t<\/div>\n\t\t<\/div>\n\t\t\t\t<\/div>\n\t\t\t\t<\/div>\n\t\t\t\t\t<\/div>\n\t\t<\/div>\n\t\t\t\t\t<\/div>\n\t\t<\/section>\n\t\t\t\t<\/div>\n\t\t","protected":false},"excerpt":{"rendered":"<p>Personal Shopping &#8211; Nya outfits med gamla kl\u00e4der Vet du inte vart du ska b\u00f6rja? Vare sig det \u00e4r en basgarderob, s\u00e4songsplagg eller sp\u00e4nnande accessoarer du letar efter s\u00e5 hj\u00e4lper jag g\u00e4rna till! Tillsammans g\u00e5r vi till olika second hand butiker f\u00f6r att leta plagg som passar just dig. Jag jobbar fr\u00e5n vad som redan [&hellip;]<\/p>\n","protected":false},"author":1,"featured_media":1354,"parent":0,"menu_order":0,"comment_status":"closed","ping_status":"closed","template":"","meta":{"footnotes":""},"class_list":["post-1098","page","type-page","status-publish","has-post-thumbnail","hentry"],"_links":{"self":[{"href":"https:\/\/emmyholmer.se\/index.php?rest_route=\/wp\/v2\/pages\/1098"}],"collection":[{"href":"https:\/\/emmyholmer.se\/index.php?rest_route=\/wp\/v2\/pages"}],"about":[{"href":"https:\/\/emmyholmer.se\/index.php?rest_route=\/wp\/v2\/types\/page"}],"author":[{"embeddable":true,"href":"https:\/\/emmyholmer.se\/index.php?rest_route=\/wp\/v2\/users\/1"}],"replies":[{"embeddable":true,"href":"https:\/\/emmyholmer.se\/index.php?rest_route=%2Fwp%2Fv2%2Fcomments&post=1098"}],"version-history":[{"count":10,"href":"https:\/\/emmyholmer.se\/index.php?rest_route=\/wp\/v2\/pages\/1098\/revisions"}],"predecessor-version":[{"id":1792,"href":"https:\/\/emmyholmer.se\/index.php?rest_route=\/wp\/v2\/pages\/1098\/revisions\/1792"}],"wp:featuredmedia":[{"embeddable":true,"href":"https:\/\/emmyholmer.se\/index.php?rest_route=\/wp\/v2\/media\/1354"}],"wp:attachment":[{"href":"https:\/\/emmyholmer.se\/index.php?rest_route=%2Fwp%2Fv2%2Fmedia&parent=1098"}],"curies":[{"name":"wp","href":"https:\/\/api.w.org\/{rel}","templated":true}]}}